{"id":15,"date":"2025-07-07T16:08:32","date_gmt":"2025-07-07T16:08:32","guid":{"rendered":"https:\/\/www.jalaksi.fi\/?page_id=15"},"modified":"2025-07-09T13:08:45","modified_gmt":"2025-07-09T13:08:45","slug":"yhteystiedot","status":"publish","type":"page","link":"http:\/\/www.jalaksi.fi\/index.php\/yhteystiedot\/","title":{"rendered":"Yhteystiedot"},"content":{"rendered":"\n<p>Jalkahoitola Jalaksi sijaitsee kotini yhteydess\u00e4 vanhassa rintamamiestalossa aivan Nokian keskustan tuntumassa, Prismaa vastap\u00e4\u00e4t\u00e4 Alinenkadun toisessa p\u00e4\u00e4ss\u00e4 (Alinenkatu 57). Pihalle mahtuu auto parkkiin. Kun saavut paikalle, paina ovikelloa. Mik\u00e4li minulla on viel\u00e4 edellinen hoito kesken, avaan oven et\u00e4painikkeella ja p\u00e4\u00e4set istahtamaan odotustilaan. <\/p>\n\n\n\n<p>Kysytt\u00e4v\u00e4\u00e4? Soita tai laita WhatsAppia 040 660 6820 tai s\u00e4hk\u00f6postia meri@jalaksi.fi<\/p>\n\n\n\n<p>Hoidon aikana en pysty vastaamaan puheluihin, mutta soitan takaisin heti kun enn\u00e4t\u00e4n.<\/p>\n\n\n\n<iframe src=\"https:\/\/www.google.com\/maps\/embed?pb=!1m18!1m12!1m3!1d3810.0468643729114!2d23.521456076598536!3d61.47962657572621!2m3!1f0!2f0!3f0!3m2!1i1024!2i768!4f13.1!3m3!1m2!1s0x468ed76957efaabf%3A0xcbe3838a7715700c!2sAlinenkatu%2057%2C%2037100%20Nokia!5e0!3m2!1sen!2sfi!4v1751904481514!5m2!1sen!2sfi\" width=\"600\" height=\"450\" style=\"border:0;\" allowfullscreen=\"\" loading=\"lazy\" referrerpolicy=\"no-referrer-when-downgrade\"><\/iframe>\n","protected":false},"excerpt":{"rendered":"<p>Jalkahoitola Jalaksi sijaitsee kotini yhteydess\u00e4 vanhassa rintamamiestalossa aivan Nokian keskustan tuntumassa, Prismaa vastap\u00e4\u00e4t\u00e4 Alinenkadun toisessa p\u00e4\u00e4ss\u00e4 (Alinenkatu 57). Pihalle mahtuu auto parkkiin. Kun saavut paikalle, paina ovikelloa. Mik\u00e4li minulla on &hellip; <\/p>\n","protected":false},"author":1,"featured_media":0,"parent":0,"menu_order":0,"comment_status":"closed","ping_status":"closed","template":"","meta":{"footnotes":""},"class_list":["post-15","page","type-page","status-publish","hentry"],"_links":{"self":[{"href":"http:\/\/www.jalaksi.fi\/index.php\/wp-json\/wp\/v2\/pages\/15","targetHints":{"allow":["GET"]}}],"collection":[{"href":"http:\/\/www.jalaksi.fi\/index.php\/wp-json\/wp\/v2\/pages"}],"about":[{"href":"http:\/\/www.jalaksi.fi\/index.php\/wp-json\/wp\/v2\/types\/page"}],"author":[{"embeddable":true,"href":"http:\/\/www.jalaksi.fi\/index.php\/wp-json\/wp\/v2\/users\/1"}],"replies":[{"embeddable":true,"href":"http:\/\/www.jalaksi.fi\/index.php\/wp-json\/wp\/v2\/comments?post=15"}],"version-history":[{"count":4,"href":"http:\/\/www.jalaksi.fi\/index.php\/wp-json\/wp\/v2\/pages\/15\/revisions"}],"predecessor-version":[{"id":80,"href":"http:\/\/www.jalaksi.fi\/index.php\/wp-json\/wp\/v2\/pages\/15\/revisions\/80"}],"wp:attachment":[{"href":"http:\/\/www.jalaksi.fi\/index.php\/wp-json\/wp\/v2\/media?parent=15"}],"curies":[{"name":"wp","href":"https:\/\/api.w.org\/{rel}","templated":true}]}}