{"id":44,"date":"2025-07-07T15:18:40","date_gmt":"2025-07-07T15:18:40","guid":{"rendered":"https:\/\/www.jalaksi.fi\/?page_id=44"},"modified":"2025-08-04T06:50:47","modified_gmt":"2025-08-04T06:50:47","slug":"ajanvaraus","status":"publish","type":"page","link":"http:\/\/www.jalaksi.fi\/index.php\/ajanvaraus\/","title":{"rendered":"Ajanvaraus"},"content":{"rendered":"\n<p>Hoitola on avoinna tiistaista perjantaihin klo. 9-16 ja lauantaisin klo. 10-15.<\/p>\n\n\n\n<p>Tee s\u00e4hk\u00f6inen ajanvaraus alla olevan painikkeen kautta tai soita 040 660 6820.<\/p>\n\n\n\n<p>Olethan yhteydess\u00e4, mik\u00e4li olet ep\u00e4varma hoidon tarpeesta. Selvi\u00e4\u00e4, mit\u00e4 hoitoa juuri sinun jalkasi vaatii.<\/p>\n\n\n\n<p>Sairastumisen tai muun esteen sattuessa, peruthan aikasi viimeist\u00e4\u00e4n 24h ennen sovittua aikaa.<\/p>\n\n\n\n<p>L\u00e4mpim\u00e4sti tervetuloa jalkahoitoon!<\/p>\n\n\n\n<script async src=\"https:\/\/static.vello.fi\/embed\/v1.js\" data-url=\"jalaksi\" data-lang=\"fi\"><\/script>\n\n\n\n<p><\/p>\n","protected":false},"excerpt":{"rendered":"<p>Hoitola on avoinna tiistaista perjantaihin klo. 9-16 ja lauantaisin klo. 10-15. Tee s\u00e4hk\u00f6inen ajanvaraus alla olevan painikkeen kautta tai soita 040 660 6820. Olethan yhteydess\u00e4, mik\u00e4li olet ep\u00e4varma hoidon tarpeesta. &hellip; <\/p>\n","protected":false},"author":1,"featured_media":0,"parent":0,"menu_order":0,"comment_status":"closed","ping_status":"closed","template":"","meta":{"footnotes":""},"class_list":["post-44","page","type-page","status-publish","hentry"],"_links":{"self":[{"href":"http:\/\/www.jalaksi.fi\/index.php\/wp-json\/wp\/v2\/pages\/44","targetHints":{"allow":["GET"]}}],"collection":[{"href":"http:\/\/www.jalaksi.fi\/index.php\/wp-json\/wp\/v2\/pages"}],"about":[{"href":"http:\/\/www.jalaksi.fi\/index.php\/wp-json\/wp\/v2\/types\/page"}],"author":[{"embeddable":true,"href":"http:\/\/www.jalaksi.fi\/index.php\/wp-json\/wp\/v2\/users\/1"}],"replies":[{"embeddable":true,"href":"http:\/\/www.jalaksi.fi\/index.php\/wp-json\/wp\/v2\/comments?post=44"}],"version-history":[{"count":15,"href":"http:\/\/www.jalaksi.fi\/index.php\/wp-json\/wp\/v2\/pages\/44\/revisions"}],"predecessor-version":[{"id":144,"href":"http:\/\/www.jalaksi.fi\/index.php\/wp-json\/wp\/v2\/pages\/44\/revisions\/144"}],"wp:attachment":[{"href":"http:\/\/www.jalaksi.fi\/index.php\/wp-json\/wp\/v2\/media?parent=44"}],"curies":[{"name":"wp","href":"https:\/\/api.w.org\/{rel}","templated":true}]}}